{"id":3361,"date":"2021-09-29T14:46:10","date_gmt":"2021-09-29T14:46:10","guid":{"rendered":"http:\/\/www.iremworld.com.tr\/?page_id=3361"},"modified":"2023-12-05T12:31:44","modified_gmt":"2023-12-05T12:31:44","slug":"legal-services","status":"publish","type":"page","link":"https:\/\/iremworld.com.tr\/tr\/legal-services\/","title":{"rendered":"Yasal hizmetler"},"content":{"rendered":"<div data-elementor-type=\"wp-page\" data-elementor-id=\"3361\" class=\"elementor elementor-3361\">\n\t\t\t\t\t\t\t\t\t<section class=\"elementor-section elementor-top-section elementor-element elementor-element-51fa9eb elementor-section-stretched elementor-section-boxed elementor-section-height-default elementor-section-height-default\" data-id=\"51fa9eb\" data-element_type=\"section\" data-settings=\"{&quot;stretch_section&quot;:&quot;section-stretched&quot;}\">\n\t\t\t\t\t\t<div class=\"elementor-container elementor-column-gap-extended\">\n\t\t\t\t\t<div class=\"elementor-column elementor-col-100 elementor-top-column elementor-element elementor-element-f605b22\" data-id=\"f605b22\" data-element_type=\"column\">\n\t\t\t<div class=\"elementor-widget-wrap elementor-element-populated\">\n\t\t\t\t\t\t\t\t<div class=\"elementor-element elementor-element-70aba7a elementor-widget elementor-widget-heading\" data-id=\"70aba7a\" data-element_type=\"widget\" data-widget_type=\"heading.default\">\n\t\t\t\t<div class=\"elementor-widget-container\">\n\t\t\t<style>\/*! elementor - v3.15.0 - 09-08-2023 *\/\n.elementor-heading-title{padding:0;margin:0;line-height:1}.elementor-widget-heading .elementor-heading-title[class*=elementor-size-]>a{color:inherit;font-size:inherit;line-height:inherit}.elementor-widget-heading .elementor-heading-title.elementor-size-small{font-size:15px}.elementor-widget-heading .elementor-heading-title.elementor-size-medium{font-size:19px}.elementor-widget-heading .elementor-heading-title.elementor-size-large{font-size:29px}.elementor-widget-heading .elementor-heading-title.elementor-size-xl{font-size:39px}.elementor-widget-heading .elementor-heading-title.elementor-size-xxl{font-size:59px}<\/style><h2 class=\"elementor-heading-title elementor-size-default\">T\u00fcrkiye'de Hukuki Destek<\/h2>\t\t<\/div>\n\t\t\t\t<\/div>\n\t\t\t\t\t<\/div>\n\t\t<\/div>\n\t\t\t\t\t\t\t<\/div>\n\t\t<\/section>\n\t\t\t\t<section class=\"elementor-section elementor-top-section elementor-element elementor-element-383efc4 elementor-section-stretched elementor-section-boxed elementor-section-height-default elementor-section-height-default\" data-id=\"383efc4\" data-element_type=\"section\" data-settings=\"{&quot;stretch_section&quot;:&quot;section-stretched&quot;}\">\n\t\t\t\t\t\t<div class=\"elementor-container elementor-column-gap-extended\">\n\t\t\t\t\t<div class=\"elementor-column elementor-col-100 elementor-top-column elementor-element elementor-element-021c02a\" data-id=\"021c02a\" data-element_type=\"column\">\n\t\t\t<div class=\"elementor-widget-wrap elementor-element-populated\">\n\t\t\t\t\t\t\t\t<div class=\"elementor-element elementor-element-0b7eec3 elementor-widget elementor-widget-text-editor\" data-id=\"0b7eec3\" data-element_type=\"widget\" data-widget_type=\"text-editor.default\">\n\t\t\t\t<div class=\"elementor-widget-container\">\n\t\t\t<style>\/*! elementor - v3.15.0 - 09-08-2023 *\/\n.elementor-widget-text-editor.elementor-drop-cap-view-stacked .elementor-drop-cap{background-color:#69727d;color:#fff}.elementor-widget-text-editor.elementor-drop-cap-view-framed .elementor-drop-cap{color:#69727d;border:3px solid;background-color:transparent}.elementor-widget-text-editor:not(.elementor-drop-cap-view-default) .elementor-drop-cap{margin-top:8px}.elementor-widget-text-editor:not(.elementor-drop-cap-view-default) .elementor-drop-cap-letter{width:1em;height:1em}.elementor-widget-text-editor .elementor-drop-cap{float:left;text-align:center;line-height:1;font-size:50px}.elementor-widget-text-editor .elementor-drop-cap-letter{display:inline-block}<\/style>\t\t\t\t\u0130ngilizce, Arap\u00e7a, Rus\u00e7a ve Fars\u00e7a Bilen Avukatlar\t\t\t\t\t\t<\/div>\n\t\t\t\t<\/div>\n\t\t\t\t<div class=\"elementor-element elementor-element-d5ff1fd elementor-widget elementor-widget-text-editor\" data-id=\"d5ff1fd\" data-element_type=\"widget\" data-widget_type=\"text-editor.default\">\n\t\t\t\t<div class=\"elementor-widget-container\">\n\t\t\t\t\t\t\t<p>T\u00fcrkiye'de m\u00fclk sat\u0131n al\u0131rken, IREMWORLD her sat\u0131\u015f i\u00e7in sat\u0131c\u0131 ve al\u0131c\u0131 aras\u0131nda bir arabulucu olarak hareket eder, biz sadece anla\u015fmay\u0131 profesyonelce kapatmak istiyoruz. Portf\u00f6y\u00fcm\u00fcze bir gayrimenkul ekledi\u011fimizde \u015firketin itibar\u0131n\u0131 kontrol ederiz. M\u00fclk\u00fc do\u011frudan sahibinden sat\u0131n ald\u0131\u011f\u0131n\u0131z\u0131 garanti ediyoruz. Her y\u0131l y\u00fczlerce i\u015flemi S\u0131f\u0131r Ba\u015far\u0131s\u0131zl\u0131k ba\u015far\u0131s\u0131 ile kapatt\u0131\u011f\u0131m\u0131z i\u00e7in kendimize g\u00fcveniyoruz.<\/p><p>Avukat\u0131n\u0131z\u0131 se\u00e7ebilece\u011finiz \u0130ngilizce, Arap\u00e7a, Rus\u00e7a ve Fars\u00e7a dillerini konu\u015fan ba\u011f\u0131ms\u0131z avukatlardan olu\u015fan bir listemiz var.<\/p>\t\t\t\t\t\t<\/div>\n\t\t\t\t<\/div>\n\t\t\t\t<div class=\"elementor-element elementor-element-13e6e38 elementor-widget elementor-widget-text-editor\" data-id=\"13e6e38\" data-element_type=\"widget\" data-widget_type=\"text-editor.default\">\n\t\t\t\t<div class=\"elementor-widget-container\">\n\t\t\t\t\t\t\tAvukatlar\u0131n Rolleri Nedir?\t\t\t\t\t\t<\/div>\n\t\t\t\t<\/div>\n\t\t\t\t<div class=\"elementor-element elementor-element-294f7dd elementor-widget elementor-widget-text-editor\" data-id=\"294f7dd\" data-element_type=\"widget\" data-widget_type=\"text-editor.default\">\n\t\t\t\t<div class=\"elementor-widget-container\">\n\t\t\t\t\t\t\t<p>Avukatlar\u0131n ve avukatlar\u0131n yard\u0131mc\u0131 oldu\u011fu g\u00fcvenli bir sat\u0131n alma i\u00e7in standart m\u00fclk kontrolleri vard\u0131r.<\/p>\t\t\t\t\t\t<\/div>\n\t\t\t\t<\/div>\n\t\t\t\t<div class=\"elementor-element elementor-element-3b154d0 elementor-widget elementor-widget-text-editor\" data-id=\"3b154d0\" data-element_type=\"widget\" data-widget_type=\"text-editor.default\">\n\t\t\t\t<div class=\"elementor-widget-container\">\n\t\t\t\t\t\t\t1- M\u00fclk\u00fcn Hukuki \u0130ncelemesi\t\t\t\t\t\t<\/div>\n\t\t\t\t<\/div>\n\t\t\t\t<div class=\"elementor-element elementor-element-d44c563 elementor-widget elementor-widget-text-editor\" data-id=\"d44c563\" data-element_type=\"widget\" data-widget_type=\"text-editor.default\">\n\t\t\t\t<div class=\"elementor-widget-container\">\n\t\t\t\t\t\t\t<p>Gayrimenkul al\u0131m\u0131 \u00fclkeden \u00fclkeye farkl\u0131l\u0131k g\u00f6sterebilir. Her \u00fclkede ayn\u0131 kurallar ve standartlar yoktur. Sayg\u0131n bir emlak acentesinden ve IREMWORLD gibi uzun y\u0131llara dayanan deneyimden m\u00fclk sat\u0131n alman\u0131z\u0131 \u00f6neririz.<\/p><p>Bir m\u00fclk sat\u0131n alman\u0131n daha \u00f6nemli bir par\u00e7as\u0131, do\u011fru tarafla ileti\u015fim kurmak ve sat\u0131c\u0131n\u0131n size g\u00f6sterdi\u011fi do\u011fru m\u00fclk\u00fc satt\u0131\u011f\u0131n\u0131 anlamakt\u0131r. Avukatlar, bir durum tespiti raporu ile bu sorunlar\u0131 ve paran\u0131z\u0131 g\u00fcvence alt\u0131na alabilir.<\/p>\t\t\t\t\t\t<\/div>\n\t\t\t\t<\/div>\n\t\t\t\t<div class=\"elementor-element elementor-element-8a453c0 elementor-widget elementor-widget-text-editor\" data-id=\"8a453c0\" data-element_type=\"widget\" data-widget_type=\"text-editor.default\">\n\t\t\t\t<div class=\"elementor-widget-container\">\n\t\t\t\t\t\t\t<p><strong>a)<\/strong> Bir m\u00fclk sat\u0131n almaya karar verdi\u011finizde, bir avukat tapu dairesinde a\u015fa\u011f\u0131dakileri kapsamak i\u00e7in ilk kontrollerinizi ger\u00e7ekle\u015ftirir:<\/p><ul><li>Bodrum<\/li><li>\u0130potek borcu<\/li><li>Vergiler<\/li><li>Vergi y\u00fck\u00fcml\u00fcl\u00fc\u011f\u00fc<\/li><li>Di\u011fer bor\u00e7lar ve g\u00f6revler<\/li><li>0 sahibi olup olmad\u0131\u011f\u0131<\/li><li>Tapuda belirtildi\u011fi gibi m\u00fclk\u00fcn m\u00fclkiyeti ger\u00e7e\u011fini kontrol edin p<\/li><\/ul><p><strong>b)<\/strong> Avukatlar ayr\u0131ca \u015fu ilgili lisanslar\u0131 da kontrol eder:<\/p><ul><li>\u0130n\u015faat ruhsat\u0131<\/li><li>Planlama izinleri<\/li><\/ul>\t\t\t\t\t\t<\/div>\n\t\t\t\t<\/div>\n\t\t\t\t<div class=\"elementor-element elementor-element-15639e0 elementor-widget elementor-widget-text-editor\" data-id=\"15639e0\" data-element_type=\"widget\" data-widget_type=\"text-editor.default\">\n\t\t\t\t<div class=\"elementor-widget-container\">\n\t\t\t\t\t\t\t2. Rezervasyon S\u00f6zle\u015fmesi ve Depozito\t\t\t\t\t\t<\/div>\n\t\t\t\t<\/div>\n\t\t\t\t<div class=\"elementor-element elementor-element-b7f1dea elementor-widget elementor-widget-text-editor\" data-id=\"b7f1dea\" data-element_type=\"widget\" data-widget_type=\"text-editor.default\">\n\t\t\t\t<div class=\"elementor-widget-container\">\n\t\t\t\t\t\t\t<p>Rezervasyon s\u00f6zle\u015fmesi, m\u00fclk\u00fc m\u00fc\u015fteri ad\u0131na korur ve \u00fczerinde anla\u015f\u0131lan fiyat ve sat\u0131\u015f ko\u015fullar\u0131n\u0131 onaylar. Ayr\u0131ca depozito olarak yap\u0131lan \u00f6demenin s\u00f6zle\u015fmede kararla\u015ft\u0131r\u0131lan ko\u015fullar\u0131 garanti etti\u011fini g\u00f6sterir.<\/p>\t\t\t\t\t\t<\/div>\n\t\t\t\t<\/div>\n\t\t\t\t<div class=\"elementor-element elementor-element-d76ba49 elementor-widget elementor-widget-text-editor\" data-id=\"d76ba49\" data-element_type=\"widget\" data-widget_type=\"text-editor.default\">\n\t\t\t\t<div class=\"elementor-widget-container\">\n\t\t\t\t\t\t\t3. T\u00fcrkiye'de Gayrimenkul Al\u0131m\u0131 S\u00f6zle\u015fmesi\t\t\t\t\t\t<\/div>\n\t\t\t\t<\/div>\n\t\t\t\t<div class=\"elementor-element elementor-element-791f1c7 elementor-widget elementor-widget-text-editor\" data-id=\"791f1c7\" data-element_type=\"widget\" data-widget_type=\"text-editor.default\">\n\t\t\t\t<div class=\"elementor-widget-container\">\n\t\t\t\t\t\t\t\u2013 Taraflarca mutab\u0131k kal\u0131nan \u015fartlar\u0131 i\u00e7eren bir rezervasyon s\u00f6zle\u015fmesi varsa, avukat sat\u0131\u015f s\u00f6zle\u015fmesini buna g\u00f6re d\u00fczenler.<\/br><\/br>\n\n\u2013 Haz\u0131rlanm\u0131\u015f bir s\u00f6zle\u015fme ve \u00fczerinde mutab\u0131k kal\u0131nan \u015fartlar\u0131n bulunmamas\u0131 halinde avukat, sat\u0131\u015f s\u00f6zle\u015fmesini, taleplerini me\u015frula\u015ft\u0131ran herkesin memnuniyetine g\u00f6re d\u00fczenler.<\/br><\/br>\n\n\u2013 Halihaz\u0131rda bir s\u00f6zle\u015fme mevcutsa, avukat, s\u00f6zle\u015fmenin m\u00fcvekkil haklar\u0131n\u0131 ihlal etmedi\u011finden ve tamamen yasal oldu\u011fundan emin olmak i\u00e7in s\u00f6zle\u015fmeyi incelemelidir.\t\t\t\t\t\t<\/div>\n\t\t\t\t<\/div>\n\t\t\t\t<div class=\"elementor-element elementor-element-0a98b02 elementor-widget elementor-widget-text-editor\" data-id=\"0a98b02\" data-element_type=\"widget\" data-widget_type=\"text-editor.default\">\n\t\t\t\t<div class=\"elementor-widget-container\">\n\t\t\t\t\t\t\tT\u00fcrkiye'de Hukuki Har\u00e7lar\t\t\t\t\t\t<\/div>\n\t\t\t\t<\/div>\n\t\t\t\t<div class=\"elementor-element elementor-element-5faa36f elementor-widget elementor-widget-text-editor\" data-id=\"5faa36f\" data-element_type=\"widget\" data-widget_type=\"text-editor.default\">\n\t\t\t\t<div class=\"elementor-widget-container\">\n\t\t\t\t\t\t\t<p>T\u00fcrkiye'de avukat i\u00e7in hukuki yard\u0131m \u00fccreti, T\u00fcrk Vatanda\u015fl\u0131\u011f\u0131 program\u0131 hari\u00e7, asgari 2.000 $ + KDV tutar\u0131ndaki gayrimenkul\u00fcn sat\u0131n alma fiyat\u0131n\u0131n %1'idir. 4 ki\u015filik aile (2 yeti\u015fkin ve 18 ya\u015f alt\u0131 2 \u00e7ocuk) i\u00e7in T\u00fcrk Vatanda\u015fl\u0131\u011f\u0131 program maliyeti 6000 USD + KDV civar\u0131ndad\u0131r \u2013 Bu \u00fccretler avukattan avukata de\u011fi\u015fiklik g\u00f6sterebilir. Davan\u0131z\u0131n ve t\u00fczel ki\u015filerin sat\u0131n alma s\u00fcreciyle ilgili ayr\u0131nt\u0131lar\u0131 isteyin.<\/p>\n<p>IREMWORLD'de \u0130ngilizce konu\u015fan avukatlar\u0131n bir listesi bulunmaktad\u0131r. Avukatlar haklar\u0131n\u0131z\u0131 korumaya kararl\u0131 olduklar\u0131 i\u00e7in i\u015fimizle ba\u011flant\u0131l\u0131 de\u011fillerdir.<\/p>\n<p>Ancak, IREMWORLD'den m\u00fclk\u00fcn\u00fcz\u00fc sat\u0131n ald\u0131\u011f\u0131n\u0131zda, t\u00fcm s\u00fcreci g\u00fcvenli bir \u015fekilde ve avukatlara hi\u00e7bir \u00fccret \u00f6demeden ger\u00e7ekle\u015ftirece\u011fiz.<\/p>\n<p>Bu rahats\u0131zl\u0131ktan ka\u00e7\u0131nacakt\u0131r.<\/p>\n<p>Sat\u0131c\u0131 veya emlak\u00e7\u0131 bir m\u00fclk sat\u0131n al\u0131rken g\u00fcvenilir de\u011filse, sonunda sorunlar ortaya \u00e7\u0131kabilir. Yabanc\u0131 m\u00fclk sat\u0131n alma s\u00fcrecinin nas\u0131l \u00e7al\u0131\u015ft\u0131\u011f\u0131n\u0131 bilmedi\u011finiz i\u00e7in s\u00fcreci kontrol etmek zor olabilir ve istenmeyen sonu\u00e7lara yol a\u00e7abilir. Bu gibi durumlarda, bir avukat g\u00fc\u00e7l\u00fcklerden ka\u00e7\u0131nabilir. Ancak, T\u00fcrkiye'de sat\u0131n alma s\u00fcrecini sorunsuz bir \u015fekilde tamamlayacak iyi emlak acenteleri var. Yasal \u00fccretlerden ka\u00e7\u0131nmak i\u00e7in profesyonel bir emlak\u00e7\u0131 kullanmay\u0131 tercih edebilirsiniz. S\u0131f\u0131r Ar\u0131za ile T\u00fcrkiye'de m\u00fclk sat\u0131n almak i\u00e7in bizimle ileti\u015fime ge\u00e7ebilirsiniz.<\/p>\t\t\t\t\t\t<\/div>\n\t\t\t\t<\/div>\n\t\t\t\t\t<\/div>\n\t\t<\/div>\n\t\t\t\t\t\t\t<\/div>\n\t\t<\/section>\n\t\t\t\t<section class=\"elementor-section elementor-top-section elementor-element elementor-element-4b2153b elementor-section-stretched elementor-section-content-middle elementor-section-boxed elementor-section-height-default elementor-section-height-default\" data-id=\"4b2153b\" data-element_type=\"section\" data-settings=\"{&quot;stretch_section&quot;:&quot;section-stretched&quot;,&quot;background_background&quot;:&quot;classic&quot;}\">\n\t\t\t\t\t\t<div class=\"elementor-container elementor-column-gap-extended\">\n\t\t\t\t\t<div class=\"elementor-column elementor-col-100 elementor-top-column elementor-element elementor-element-b7aaf08\" data-id=\"b7aaf08\" data-element_type=\"column\">\n\t\t\t<div class=\"elementor-widget-wrap elementor-element-populated\">\n\t\t\t\t\t\t\t\t<div class=\"elementor-element elementor-element-c928aa6 elementor-widget elementor-widget-spacer\" data-id=\"c928aa6\" data-element_type=\"widget\" data-widget_type=\"spacer.default\">\n\t\t\t\t<div class=\"elementor-widget-container\">\n\t\t\t<style>\/*! elementor - v3.15.0 - 09-08-2023 *\/\n.elementor-column .elementor-spacer-inner{height:var(--spacer-size)}.e-con{--container-widget-width:100%}.e-con-inner>.elementor-widget-spacer,.e-con>.elementor-widget-spacer{width:var(--container-widget-width,var(--spacer-size));--align-self:var(--container-widget-align-self,initial);--flex-shrink:0}.e-con-inner>.elementor-widget-spacer>.elementor-widget-container,.e-con-inner>.elementor-widget-spacer>.elementor-widget-container>.elementor-spacer,.e-con>.elementor-widget-spacer>.elementor-widget-container,.e-con>.elementor-widget-spacer>.elementor-widget-container>.elementor-spacer{height:100%}.e-con-inner>.elementor-widget-spacer>.elementor-widget-container>.elementor-spacer>.elementor-spacer-inner,.e-con>.elementor-widget-spacer>.elementor-widget-container>.elementor-spacer>.elementor-spacer-inner{height:var(--container-widget-height,var(--spacer-size))}<\/style>\t\t<div class=\"elementor-spacer\">\n\t\t\t<div class=\"elementor-spacer-inner\"><\/div>\n\t\t<\/div>\n\t\t\t\t<\/div>\n\t\t\t\t<\/div>\n\t\t\t\t\t<\/div>\n\t\t<\/div>\n\t\t\t\t\t\t\t<\/div>\n\t\t<\/section>\n\t\t\t\t\t\t\t<\/div>","protected":false},"excerpt":{"rendered":"<p>Legal Support In Turkey English, Arabic, Russian and Persian Speaking Lawyers When buying property in Turkey, IREMWORLD acts as an arbitrator between seller and buyer for every sale, we just want to close the deal professionally. When we add a property to our portfolio, we check the company\u2019s reputation. We guarantee that you are buying [&hellip;]<\/p>","protected":false},"author":1,"featured_media":0,"parent":0,"menu_order":0,"comment_status":"closed","ping_status":"closed","template":"","meta":{"footnotes":""},"class_list":["post-3361","page","type-page","status-publish","hentry"],"jetpack_sharing_enabled":true,"_links":{"self":[{"href":"https:\/\/iremworld.com.tr\/tr\/wp-json\/wp\/v2\/pages\/3361","targetHints":{"allow":["GET"]}}],"collection":[{"href":"https:\/\/iremworld.com.tr\/tr\/wp-json\/wp\/v2\/pages"}],"about":[{"href":"https:\/\/iremworld.com.tr\/tr\/wp-json\/wp\/v2\/types\/page"}],"author":[{"embeddable":true,"href":"https:\/\/iremworld.com.tr\/tr\/wp-json\/wp\/v2\/users\/1"}],"replies":[{"embeddable":true,"href":"https:\/\/iremworld.com.tr\/tr\/wp-json\/wp\/v2\/comments?post=3361"}],"version-history":[{"count":3,"href":"https:\/\/iremworld.com.tr\/tr\/wp-json\/wp\/v2\/pages\/3361\/revisions"}],"predecessor-version":[{"id":4850,"href":"https:\/\/iremworld.com.tr\/tr\/wp-json\/wp\/v2\/pages\/3361\/revisions\/4850"}],"wp:attachment":[{"href":"https:\/\/iremworld.com.tr\/tr\/wp-json\/wp\/v2\/media?parent=3361"}],"curies":[{"name":"wp","href":"https:\/\/api.w.org\/{rel}","templated":true}]}}